{"id":71,"date":"2018-11-29T21:26:56","date_gmt":"2018-11-29T20:26:56","guid":{"rendered":"https:\/\/dalia.com.pl\/?page_id=71"},"modified":"2026-04-14T20:14:20","modified_gmt":"2026-04-14T18:14:20","slug":"strona-glowna","status":"publish","type":"page","link":"https:\/\/dalia.com.pl\/","title":{"rendered":"Strona G\u0142\u00f3wna"},"content":{"rendered":"\n<p><\/p>\n\n\n\n<h4 class=\"wp-block-heading\"><\/h4>\n\n\n<h4 style=\"text-align: center;\">Witamy, na stronie Rodzinnego Ogrodu Dzia\u0142kowego &#8222;DALIA&#8221;.<br \/>Nasz Ogr\u00f3d znajduje si\u0119, w Katowicach &#8211; We\u0142nowcu, w Parku We\u0142nowieckim.<\/h4>\n<h2 style=\"text-align: center;\"><a href=\"https:\/\/dalia.com.pl\/index.php\/aktualnosci\/\"><img decoding=\"async\" loading=\"lazy\" class=\"alignnone wp-image-87\" src=\"https:\/\/dalia.com.pl\/wp-content\/uploads\/2018\/11\/Aktualno\u015bci-300x251.jpg\" alt=\"\" width=\"265\" height=\"221\" srcset=\"https:\/\/dalia.com.pl\/wp-content\/uploads\/2018\/11\/Aktualno\u015bci-300x251.jpg 300w, https:\/\/dalia.com.pl\/wp-content\/uploads\/2018\/11\/Aktualno\u015bci-768x644.jpg 768w, https:\/\/dalia.com.pl\/wp-content\/uploads\/2018\/11\/Aktualno\u015bci.jpg 940w\" sizes=\"(max-width: 265px) 100vw, 265px\" \/>\u00a0<\/a>\u00a0<a href=\"https:\/\/dalia.com.pl\/index.php\/zarzad\/\"><img decoding=\"async\" loading=\"lazy\" class=\"alignnone wp-image-86\" src=\"https:\/\/dalia.com.pl\/wp-content\/uploads\/2018\/11\/ZARZ\u0104D-300x251.jpg\" alt=\"\" width=\"266\" height=\"223\" srcset=\"https:\/\/dalia.com.pl\/wp-content\/uploads\/2018\/11\/ZARZ\u0104D-300x251.jpg 300w, https:\/\/dalia.com.pl\/wp-content\/uploads\/2018\/11\/ZARZ\u0104D-768x644.jpg 768w, https:\/\/dalia.com.pl\/wp-content\/uploads\/2018\/11\/ZARZ\u0104D.jpg 940w\" sizes=\"(max-width: 266px) 100vw, 266px\" \/><\/a>\u00a0<a href=\"https:\/\/dalia.com.pl\/index.php\/galeria\/\"><img decoding=\"async\" loading=\"lazy\" class=\"alignnone wp-image-85\" src=\"https:\/\/dalia.com.pl\/wp-content\/uploads\/2018\/11\/GALERIA--300x251.jpg\" alt=\"\" width=\"268\" height=\"225\" srcset=\"https:\/\/dalia.com.pl\/wp-content\/uploads\/2018\/11\/GALERIA--300x251.jpg 300w, https:\/\/dalia.com.pl\/wp-content\/uploads\/2018\/11\/GALERIA--768x644.jpg 768w, https:\/\/dalia.com.pl\/wp-content\/uploads\/2018\/11\/GALERIA-.jpg 940w\" sizes=\"(max-width: 268px) 100vw, 268px\" \/><\/a><\/h2>\n<p>\u00a0<\/p>\n<hr \/>\n<h3><strong>Informujemy wszystkich dzia\u0142kowc\u00f3w, i\u017c dnia <u>25 kwietnia 2026 roku od godziny 10 <sup>00<\/sup><\/u> odb\u0119dzie si\u0119 coroczny przegl\u0105d dzia\u0142ek w ROD. <\/strong><\/h3>\n<h3><strong>Podczas przegl\u0105du sprawdzane b\u0119dzie zagospodarowanie dzia\u0142ki oraz jego zgodno\u015b\u0107 z zapisami regulaminu i statutu. Ponadto sprawdzany b\u0119dzie stan instalacji wodoci\u0105gowej i elektrycznej wraz z urz\u0105dzeniami pomiarowo-rozliczeniowymi i ich legalizacj\u0105 oraz oplombowaniem. <\/strong><\/h3>\n<h3><strong><u>Obecno\u015b\u0107 dzia\u0142kowc\u00f3w podczas przegl\u0105du obowi\u0105zkowa!!!<\/u><\/strong><\/h3>\n<h3><strong>W szczeg\u00f3lnych przypadkach podczas przegl\u0105du, udost\u0119pni\u0107 dzia\u0142k\u0119 i urz\u0105dzenia mo\u017ce osoba upowa\u017cniona przez dzia\u0142kowca.<\/strong><\/h3>\n<p>\u00a0<\/p>","protected":false},"excerpt":{"rendered":"<p>Witamy, na stronie Rodzinnego Ogrodu Dzia\u0142kowego &#8222;DALIA&#8221;.Nasz Ogr\u00f3d znajduje si\u0119, w Katowicach &#8211; We\u0142nowcu, w Parku We\u0142nowieckim. \u00a0\u00a0\u00a0 \u00a0 Informujemy wszystkich dzia\u0142kowc\u00f3w, i\u017c dnia 25 kwietnia 2026 roku od godziny 10 00 odb\u0119dzie si\u0119 coroczny przegl\u0105d dzia\u0142ek w ROD. Podczas przegl\u0105du sprawdzane b\u0119dzie zagospodarowanie dzia\u0142ki oraz jego zgodno\u015b\u0107 z zapisami regulaminu i statutu. Ponadto sprawdzany [&hellip;]<\/p>\n","protected":false},"author":1,"featured_media":0,"parent":0,"menu_order":0,"comment_status":"closed","ping_status":"closed","template":"page-full_width.php","meta":[],"_links":{"self":[{"href":"https:\/\/dalia.com.pl\/index.php\/wp-json\/wp\/v2\/pages\/71"}],"collection":[{"href":"https:\/\/dalia.com.pl\/index.php\/wp-json\/wp\/v2\/pages"}],"about":[{"href":"https:\/\/dalia.com.pl\/index.php\/wp-json\/wp\/v2\/types\/page"}],"author":[{"embeddable":true,"href":"https:\/\/dalia.com.pl\/index.php\/wp-json\/wp\/v2\/users\/1"}],"replies":[{"embeddable":true,"href":"https:\/\/dalia.com.pl\/index.php\/wp-json\/wp\/v2\/comments?post=71"}],"version-history":[{"count":217,"href":"https:\/\/dalia.com.pl\/index.php\/wp-json\/wp\/v2\/pages\/71\/revisions"}],"predecessor-version":[{"id":916,"href":"https:\/\/dalia.com.pl\/index.php\/wp-json\/wp\/v2\/pages\/71\/revisions\/916"}],"wp:attachment":[{"href":"https:\/\/dalia.com.pl\/index.php\/wp-json\/wp\/v2\/media?parent=71"}],"curies":[{"name":"wp","href":"https:\/\/api.w.org\/{rel}","templated":true}]}}