{"id":29,"date":"2018-11-29T20:51:50","date_gmt":"2018-11-29T19:51:50","guid":{"rendered":"https:\/\/dalia.com.pl\/?page_id=29"},"modified":"2026-03-22T14:21:10","modified_gmt":"2026-03-22T13:21:10","slug":"aktualnosci","status":"publish","type":"page","link":"https:\/\/dalia.com.pl\/index.php\/aktualnosci\/","title":{"rendered":"Aktualno\u015bci"},"content":{"rendered":"<hr \/>\n<h3 class=\"_1mf _1mj\" style=\"text-align: center;\" data-offset-key=\"9jve2-0-0\"><strong>Dnia 21 marca 2026 roku ukonstytuowa\u0142 si\u0119 Zarz\u0105d Komisaryczny ROD DALIA w sk\u0142adzie:<\/strong><br \/><strong>Marek Kropid\u0142o &#8211; Prezes<\/strong><br \/><strong>Zbigniew Krawczy\u0144ski &#8211; V-ce Prezes<\/strong><br \/><strong>Zbigniew Baran &#8211; Skarbnik<\/strong><br \/><strong>Sonia Wilk &#8211; Sekretarz<\/strong><\/h3>\n<h3 style=\"text-align: center;\"><strong>Cz\u0142onkowie Zarz\u0105du Komisarycznego ROD Dalia powo\u0142ani zostali do sk\u0142adu Zarz\u0105du Komisarycznego Uchwa\u0142\u0105 101\/2026 Okr\u0119gowego Zarz\u0105du \u015al\u0105skiego Polskiego Zwi\u0105zku Dzia\u0142kowc\u00f3w z dnia 12 marca 2026 roku.<\/strong><\/h3>\n\n\n<p><\/p>\n","protected":false},"excerpt":{"rendered":"<p>Dnia 21 marca 2026 roku ukonstytuowa\u0142 si\u0119 Zarz\u0105d Komisaryczny ROD DALIA w sk\u0142adzie:Marek Kropid\u0142o &#8211; PrezesZbigniew Krawczy\u0144ski &#8211; V-ce PrezesZbigniew Baran &#8211; SkarbnikSonia Wilk &#8211; Sekretarz Cz\u0142onkowie Zarz\u0105du Komisarycznego ROD Dalia powo\u0142ani zostali do sk\u0142adu Zarz\u0105du Komisarycznego Uchwa\u0142\u0105 101\/2026 Okr\u0119gowego Zarz\u0105du \u015al\u0105skiego Polskiego Zwi\u0105zku Dzia\u0142kowc\u00f3w z dnia 12 marca 2026 roku.<\/p>\n","protected":false},"author":1,"featured_media":0,"parent":0,"menu_order":0,"comment_status":"closed","ping_status":"closed","template":"page-full_width.php","meta":[],"_links":{"self":[{"href":"https:\/\/dalia.com.pl\/index.php\/wp-json\/wp\/v2\/pages\/29"}],"collection":[{"href":"https:\/\/dalia.com.pl\/index.php\/wp-json\/wp\/v2\/pages"}],"about":[{"href":"https:\/\/dalia.com.pl\/index.php\/wp-json\/wp\/v2\/types\/page"}],"author":[{"embeddable":true,"href":"https:\/\/dalia.com.pl\/index.php\/wp-json\/wp\/v2\/users\/1"}],"replies":[{"embeddable":true,"href":"https:\/\/dalia.com.pl\/index.php\/wp-json\/wp\/v2\/comments?post=29"}],"version-history":[{"count":75,"href":"https:\/\/dalia.com.pl\/index.php\/wp-json\/wp\/v2\/pages\/29\/revisions"}],"predecessor-version":[{"id":910,"href":"https:\/\/dalia.com.pl\/index.php\/wp-json\/wp\/v2\/pages\/29\/revisions\/910"}],"wp:attachment":[{"href":"https:\/\/dalia.com.pl\/index.php\/wp-json\/wp\/v2\/media?parent=29"}],"curies":[{"name":"wp","href":"https:\/\/api.w.org\/{rel}","templated":true}]}}